{"id":653,"date":"2023-02-15T15:33:51","date_gmt":"2023-02-15T06:33:51","guid":{"rendered":"https:\/\/www.idex.co.jp\/inquiry\/?page_id=653"},"modified":"2023-11-15T16:44:55","modified_gmt":"2023-11-15T07:44:55","slug":"iro-contact","status":"publish","type":"page","link":"https:\/\/www.idex.co.jp\/inquiry\/iro-contact\/","title":{"rendered":"\u65b0\u5149\u77f3\u6cb9\uff5c\u304a\u554f\u5408\u305b"},"content":{"rendered":"\n<div id=\"container\" class=\"wp-block-group\"><div class=\"wp-block-group__inner-container is-layout-flow wp-block-group-is-layout-flow\">\n<div class=\"wp-block-group alignfull group-company\"><div class=\"wp-block-group__inner-container is-layout-constrained wp-block-group-is-layout-constrained\">\n<h2 class=\"wp-block-heading ttl\">\u304a\u554f\u5408\u305b<\/h2>\n\n\n\n<div class=\"wp-block-group alignfull inquiry_box main\"><div class=\"wp-block-group__inner-container is-layout-constrained wp-block-group-is-layout-constrained\">\n<p>\u5f0a\u793e\u3078\u306e\u304a\u554f\u3044\u5408\u308f\u305b\u306f\u3001\u304a\u96fb\u8a71\u307e\u305f\u306f\u4ee5\u4e0b\u306e\u304a\u554f\u3044\u5408\u308f\u305b\u30d5\u30a9\u30fc\u30e0\u304b\u3089\u627f\u3063\u3066\u304a\u308a\u307e\u3059\u3002<br>\u3054\u8cea\u554f\u30fb\u3054\u76f8\u8ac7\u304c\u3054\u3056\u3044\u307e\u3057\u305f\u3089\u304a\u6c17\u8efd\u306b\u304a\u554f\u5408\u308f\u305b\u304f\u3060\u3055\u3044\u3002<\/p>\n\n\n\n<h4 class=\"wp-block-heading tel_contact\">\u304a\u96fb\u8a71\u3067\u306e\u304a\u554f\u3044\u5408\u308f\u305b<\/h4>\n\n\n\n<p class=\"tel_honsha mr2-0\">\n\u3010\u672c\u793e\u55b6\u696d\u90e8\u3011<br class=\"br-sp\"><span class=\"tel_link\"><a href=\"tel:097-551-5333\" style=\"color: #CC0000!important;\">097-551-5333<\/a><\/span>\n<\/p>\n<p class=\"tel_honsha mr2-0\">\n\u3010LP\u30ac\u30b9\u8ab2\u3011<br class=\"br-sp\"><span class=\"tel_link\"><a href=\"tel:097-553-5610\" style=\"color: #CC0000!important;\">097-553-5610<\/a><\/span>\n<\/p>\n<p class=\"tel_honsha mr2-0\">\n\u3010\u5927\u5206\u914d\u9001\u30bb\u30f3\u30bf\u30fc\u3011<br class=\"br-sp\"><span class=\"tel_link\"><a href=\"tel:0120-500-519\" style=\"color: #CC0000!important;\">0120-500-519<\/a><\/span>\n<\/p>\n\n<p class=\"ta_c mr2-0\">\u5404SS\u5e97\u8217\u3078\u306e\u304a\u554f\u3044\u5408\u308f\u305b\u306f\u3053\u3061\u3089\u304b\u3089<br>\n<a href=\"https:\/\/iro.idex.co.jp\/ss\/\"><img loading=\"lazy\" decoding=\"async\" src=\"https:\/\/www.idex.co.jp\/~iro\/gazou\/form\/btn_ss.jpg\" alt=\"SS\u5e97\u8217\u4e00\u89a7\u30da\u30fc\u30b8\u3078\" width=\"386\" height=\"58\" class=\"hover\" style=\"opacity: 1;\"><\/a>\n<\/p>\n\n\n\n<div style=\"height:10px\" aria-hidden=\"true\" class=\"wp-block-spacer\"><\/div>\n\n\n\n<div class=\"wpcf7 no-js\" id=\"wpcf7-f649-o1\" lang=\"ja\" dir=\"ltr\" data-wpcf7-id=\"649\">\n<div class=\"screen-reader-response\"><p role=\"status\" aria-live=\"polite\" aria-atomic=\"true\"><\/p> <ul><\/ul><\/div>\n<form action=\"\/inquiry\/wp-json\/wp\/v2\/pages\/653#wpcf7-f649-o1\" method=\"post\" class=\"wpcf7-form init\" aria-label=\"\u30b3\u30f3\u30bf\u30af\u30c8\u30d5\u30a9\u30fc\u30e0\" novalidate=\"novalidate\" data-status=\"init\">\n<fieldset class=\"hidden-fields-container\"><input type=\"hidden\" name=\"_wpcf7\" value=\"649\" \/><input type=\"hidden\" name=\"_wpcf7_version\" value=\"6.1.2\" \/><input type=\"hidden\" name=\"_wpcf7_locale\" value=\"ja\" \/><input type=\"hidden\" name=\"_wpcf7_unit_tag\" value=\"wpcf7-f649-o1\" \/><input type=\"hidden\" name=\"_wpcf7_container_post\" value=\"0\" \/><input type=\"hidden\" name=\"_wpcf7_posted_data_hash\" value=\"\" \/><input type=\"hidden\" name=\"_wpcf7_recaptcha_response\" value=\"\" \/>\n<\/fieldset>\n<h4 class=\"tel_contact mail_contact\">\u30d5\u30a9\u30fc\u30e0\u304b\u3089\u306e\u304a\u554f\u3044\u5408\u308f\u305b\n<\/h4>\n<p>\u304a\u554f\u3044\u5408\u308f\u305b\u5185\u5bb9\u3092\u3054\u8a18\u5165\u3044\u305f\u3060\u304d\u3001\u300e\u9001\u4fe1\u78ba\u8a8d\u753b\u9762\u3078\u300f\u30dc\u30bf\u30f3\u3092\u30af\u30ea\u30c3\u30af\u3057\u3066\u304f\u3060\u3055\u3044\u3002<br \/>\n<span class=\"right caution\">\u203b<\/span>\u306e\u3064\u3044\u305f\u9805\u76ee\u306f\u5fc5\u9808\u8a18\u5165\u9805\u76ee\u3067\u3059\u3002\n<\/p>\n<p style=\"background:#E6E6E6; padding:1rem; margin-bottom:2rem;\"><strong><span class=\"caution\">\u3053\u306e\u30da\u30fc\u30b8\u306fSSL\u306b\u5bfe\u5fdc\u3057\u3066\u304a\u308a\u307e\u3059\u3002<\/span><\/strong><br \/>\n\u3053\u306e\u30da\u30fc\u30b8\u304b\u3089\u306e\u5165\u529b\u60c5\u5831\u306fSSL\u6697\u53f7\u5316\u901a\u4fe1\u306b\u3088\u308a\u4fdd\u8b77\u3055\u308c\u307e\u3059\u306e\u3067\u5b89\u5fc3\u3057\u3066\u3054\u5229\u7528\u3044\u305f\u3060\u3051\u307e\u3059\u3002\n<\/p>\n<table class=\"table table-bordered table-striped table-contactform7 tbl_03\">\n\t<tr>\n\t\t<th style=\"white-space:nowrap;\">\n\t\t\t<p>\u4ef6\u540d<span class=\"caution\">\u203b<\/span>\n\t\t\t<\/p>\n\t\t<\/th>\n\t\t<td>\n\t\t\t<p><span class=\"wpcf7-form-control-wrap\" data-name=\"inquiry01\"><span class=\"wpcf7-form-control wpcf7-checkbox wpcf7-validates-as-required\"><span class=\"wpcf7-list-item first\"><label><input type=\"checkbox\" name=\"inquiry01[]\" value=\"\u65b0\u5149\u77f3\u6cb9\u682a\u5f0f\u4f1a\u793e\u306b\u3064\u3044\u3066\u306e\u3054\u8cea\u554f\" \/><span class=\"wpcf7-list-item-label\">\u65b0\u5149\u77f3\u6cb9\u682a\u5f0f\u4f1a\u793e\u306b\u3064\u3044\u3066\u306e\u3054\u8cea\u554f<\/span><\/label><\/span><span class=\"wpcf7-list-item\"><label><input type=\"checkbox\" name=\"inquiry01[]\" value=\"\u5e97\u8217\u306b\u3064\u3044\u3066\u306e\u3054\u8cea\u554f\" \/><span class=\"wpcf7-list-item-label\">\u5e97\u8217\u306b\u3064\u3044\u3066\u306e\u3054\u8cea\u554f<\/span><\/label><\/span><span class=\"wpcf7-list-item\"><label><input type=\"checkbox\" name=\"inquiry01[]\" value=\"\u8eca\u691c\u6574\u5099\u306b\u3064\u3044\u3066\u306e\u3054\u8cea\u554f\" \/><span class=\"wpcf7-list-item-label\">\u8eca\u691c\u6574\u5099\u306b\u3064\u3044\u3066\u306e\u3054\u8cea\u554f<\/span><\/label><\/span><span class=\"wpcf7-list-item\"><label><input type=\"checkbox\" name=\"inquiry01[]\" value=\"\u9211\u91d1\u5857\u88c5\u306b\u3064\u3044\u3066\u306e\u3054\u8cea\u554f\" \/><span class=\"wpcf7-list-item-label\">\u9211\u91d1\u5857\u88c5\u306b\u3064\u3044\u3066\u306e\u3054\u8cea\u554f<\/span><\/label><\/span><span class=\"wpcf7-list-item\"><label><input type=\"checkbox\" name=\"inquiry01[]\" value=\"\u4e2d\u53e4\u8eca\u8ca9\u58f2\u306b\u3064\u3044\u3066\u306e\u3054\u8cea\u554f\" \/><span class=\"wpcf7-list-item-label\">\u4e2d\u53e4\u8eca\u8ca9\u58f2\u306b\u3064\u3044\u3066\u306e\u3054\u8cea\u554f<\/span><\/label><\/span><span class=\"wpcf7-list-item\"><label><input type=\"checkbox\" name=\"inquiry01[]\" value=\"\u6cd5\u4eba\u5951\u7d04\u306e\u304a\u898b\u7a4d\u308a\u30fb\u3054\u76f8\u8ac7\u306b\u3064\u3044\u3066\" \/><span class=\"wpcf7-list-item-label\">\u6cd5\u4eba\u5951\u7d04\u306e\u304a\u898b\u7a4d\u308a\u30fb\u3054\u76f8\u8ac7\u306b\u3064\u3044\u3066<\/span><\/label><\/span><span class=\"wpcf7-list-item\"><label><input type=\"checkbox\" name=\"inquiry01[]\" value=\"\u71c3\u6599\u914d\u9001\u306b\u3064\u3044\u3066\u306e\u3054\u8cea\u554f\" \/><span class=\"wpcf7-list-item-label\">\u71c3\u6599\u914d\u9001\u306b\u3064\u3044\u3066\u306e\u3054\u8cea\u554f<\/span><\/label><\/span><span class=\"wpcf7-list-item\"><label><input type=\"checkbox\" name=\"inquiry01[]\" value=\"\u30a4\u30c7\u30c3\u30af\u30b9\u3067\u3093\u304d\u30ad\u30e3\u30f3\u30f3\u30da\u30fc\u30f3\u306b\u3064\u3044\u3066\" \/><span class=\"wpcf7-list-item-label\">\u30a4\u30c7\u30c3\u30af\u30b9\u3067\u3093\u304d\u30ad\u30e3\u30f3\u30f3\u30da\u30fc\u30f3\u306b\u3064\u3044\u3066<\/span><\/label><\/span><span class=\"wpcf7-list-item\"><label><input type=\"checkbox\" name=\"inquiry01[]\" value=\"LP\u30ac\u30b9\u306b\u3064\u3044\u3066\u306e\u3054\u8cea\u554f\" \/><span class=\"wpcf7-list-item-label\">LP\u30ac\u30b9\u306b\u3064\u3044\u3066\u306e\u3054\u8cea\u554f<\/span><\/label><\/span><span class=\"wpcf7-list-item\"><label><input type=\"checkbox\" name=\"inquiry01[]\" value=\"\u63a1\u7528\u306b\u3064\u3044\u3066\" \/><span class=\"wpcf7-list-item-label\">\u63a1\u7528\u306b\u3064\u3044\u3066<\/span><\/label><\/span><span class=\"wpcf7-list-item last\"><label><input type=\"checkbox\" name=\"inquiry01[]\" value=\"\u305d\u306e\u4ed6\" \/><span class=\"wpcf7-list-item-label\">\u305d\u306e\u4ed6<\/span><\/label><\/span><\/span><\/span>\n\t\t\t<\/p>\n\t\t<\/td>\n\t<\/tr>\n\t<tr>\n\t\t<th>\n\t\t\t<p>\u304a\u540d\u524d\u3000<span style=\"color: #FC6E0D;\">\u203b<\/span>\n\t\t\t<\/p>\n\t\t<\/th>\n\t\t<td>\n\t\t\t<div>\n\t\t\t\t<p>\u59d3\uff08\u5168\u89d2\/\u82f1\u6570\u534a\u89d2\uff09<span class=\"wpcf7-form-control-wrap\" data-name=\"inquiry-name1\"><input size=\"30\" maxlength=\"400\" class=\"wpcf7-form-control wpcf7-text wpcf7-validates-as-required\" aria-required=\"true\" aria-invalid=\"false\" placeholder=\"\u4f8b\uff1a\u51fa\u5149\" value=\"\" type=\"text\" name=\"inquiry-name1\" \/><\/span><br \/>\n\u540d\uff08\u5168\u89d2\/\u82f1\u6570\u534a\u89d2\uff09<span class=\"wpcf7-form-control-wrap\" data-name=\"inquiry-name2\"><input size=\"30\" maxlength=\"400\" class=\"wpcf7-form-control wpcf7-text wpcf7-validates-as-required\" aria-required=\"true\" aria-invalid=\"false\" placeholder=\"\u4f8b\uff1a\u592a\u90ce\" value=\"\" type=\"text\" name=\"inquiry-name2\" \/><\/span>\n\t\t\t\t<\/p>\n\t\t\t<\/div>\n\t\t<\/td>\n\t<\/tr>\n\t<tr>\n\t\t<th>\n\t\t\t<p>\u30d5\u30ea\u30ac\u30ca\u3000<span style=\"color: #FC6E0D;\">\u203b<\/span>\n\t\t\t<\/p>\n\t\t<\/th>\n\t\t<td>\n\t\t\t<div>\n\t\t\t\t<p>\u59d3\uff08\u5168\u89d2\u30ab\u30bf\u30ab\u30ca\uff09<span class=\"wpcf7-form-control-wrap\" data-name=\"inquiry-name3\"><input size=\"30\" maxlength=\"400\" class=\"wpcf7-form-control wpcf7-text wpcf7-validates-as-required\" aria-required=\"true\" aria-invalid=\"false\" placeholder=\"\u4f8b\uff1a\u30a4\u30c7\u30df\u30c4\" value=\"\" type=\"text\" name=\"inquiry-name3\" \/><\/span><br \/>\n\u540d\uff08\u5168\u89d2\u30ab\u30bf\u30ab\u30ca\uff09<span class=\"wpcf7-form-control-wrap\" data-name=\"inquiry-name4\"><input size=\"30\" maxlength=\"400\" class=\"wpcf7-form-control wpcf7-text wpcf7-validates-as-required\" aria-required=\"true\" aria-invalid=\"false\" placeholder=\"\u4f8b\uff1a\u30bf\u30ed\u30a6\" value=\"\" type=\"text\" name=\"inquiry-name4\" \/><\/span>\n\t\t\t\t<\/p>\n\t\t\t<\/div>\n\t\t<\/td>\n\t<\/tr>\n\t<tr>\n\t\t<th>\n\t\t\t<p>\u4f1a\u793e\u540d\n\t\t\t<\/p>\n\t\t<\/th>\n\t\t<td>\n\t\t\t<div>\n\t\t\t\t<p><span class=\"wpcf7-form-control-wrap\" data-name=\"company-name\"><input size=\"40\" maxlength=\"400\" class=\"wpcf7-form-control wpcf7-text\" aria-invalid=\"false\" value=\"\" type=\"text\" name=\"company-name\" \/><\/span>\uff08\u5168\u89d2\/\u82f1\u6570\u534a\u89d2\uff09\n\t\t\t\t<\/p>\n\t\t\t<\/div>\n\t\t<\/td>\n\t<\/tr>\n\t<tr>\n\t\t<th>\n\t\t\t<p>\u3054\u4f4f\u6240\n\t\t\t<\/p>\n\t\t<\/th>\n\t\t<td class=\"address-100\">\n\t\t\t<div>\n\t\t\t\t<p>\u3012<span class=\"wpcf7-form-control-wrap\" data-name=\"inquiry-add1\"><input size=\"10\" maxlength=\"400\" class=\"wpcf7-form-control wpcf7-text\" aria-invalid=\"false\" placeholder=\"\u4f8b\uff1a870-0921\" value=\"\" type=\"text\" name=\"inquiry-add1\" \/><\/span> \u534a\u89d2\u6570\u5b57<br \/>\n<span class=\"wpcf7-form-control-wrap\" data-name=\"inquiry-add3\"><select class=\"wpcf7-form-control wpcf7-select prefecture\" aria-invalid=\"false\" name=\"inquiry-add3\"><option value=\"\u5927\u5206\u770c\">\u5927\u5206\u770c<\/option><option value=\"\u798f\u5ca1\u770c\">\u798f\u5ca1\u770c<\/option><option value=\"\u4f50\u8cc0\u770c\">\u4f50\u8cc0\u770c<\/option><option value=\"\u9577\u5d0e\u770c\">\u9577\u5d0e\u770c<\/option><option value=\"\u718a\u672c\u770c\">\u718a\u672c\u770c<\/option><option value=\"\u5bae\u5d0e\u770c\">\u5bae\u5d0e\u770c<\/option><option value=\"\u9e7f\u5150\u5cf6\u770c\">\u9e7f\u5150\u5cf6\u770c<\/option><option value=\"\u6c96\u7e04\u770c\">\u6c96\u7e04\u770c<\/option><option value=\"\u9ce5\u53d6\u770c\">\u9ce5\u53d6\u770c<\/option><option value=\"\u5cf6\u6839\u770c\">\u5cf6\u6839\u770c<\/option><option value=\"\u5ca1\u5c71\u770c\">\u5ca1\u5c71\u770c<\/option><option value=\"\u5e83\u5cf6\u770c\">\u5e83\u5cf6\u770c<\/option><option value=\"\u5c71\u53e3\u770c\">\u5c71\u53e3\u770c<\/option><option value=\"\u5fb3\u5cf6\u770c\">\u5fb3\u5cf6\u770c<\/option><option value=\"\u9999\u5ddd\u770c\">\u9999\u5ddd\u770c<\/option><option value=\"\u611b\u5a9b\u770c\">\u611b\u5a9b\u770c<\/option><option value=\"\u9ad8\u77e5\u770c\">\u9ad8\u77e5\u770c<\/option><option value=\"\u5317\u6d77\u9053\">\u5317\u6d77\u9053<\/option><option value=\"\u9752\u68ee\u770c\">\u9752\u68ee\u770c<\/option><option value=\"\u5ca9\u624b\u770c\">\u5ca9\u624b\u770c<\/option><option value=\"\u5bae\u57ce\u770c\">\u5bae\u57ce\u770c<\/option><option value=\"\u79cb\u7530\u770c\">\u79cb\u7530\u770c<\/option><option value=\"\u5c71\u5f62\u770c\">\u5c71\u5f62\u770c<\/option><option value=\"\u798f\u5cf6\u770c\">\u798f\u5cf6\u770c<\/option><option value=\"\u8328\u57ce\u770c\">\u8328\u57ce\u770c<\/option><option value=\"\u6803\u6728\u770c\">\u6803\u6728\u770c<\/option><option value=\"\u7fa4\u99ac\u770c\">\u7fa4\u99ac\u770c<\/option><option value=\"\u57fc\u7389\u770c\">\u57fc\u7389\u770c<\/option><option value=\"\u5343\u8449\u770c\">\u5343\u8449\u770c<\/option><option value=\"\u6771\u4eac\u90fd\">\u6771\u4eac\u90fd<\/option><option value=\"\u795e\u5948\u5ddd\u770c\">\u795e\u5948\u5ddd\u770c<\/option><option value=\"\u65b0\u6f5f\u770c\">\u65b0\u6f5f\u770c<\/option><option value=\"\u5bcc\u5c71\u770c\">\u5bcc\u5c71\u770c<\/option><option value=\"\u77f3\u5ddd\u770c\">\u77f3\u5ddd\u770c<\/option><option value=\"\u798f\u4e95\u770c\">\u798f\u4e95\u770c<\/option><option value=\"\u5c71\u68a8\u770c\">\u5c71\u68a8\u770c<\/option><option value=\"\u9577\u91ce\u770c\">\u9577\u91ce\u770c<\/option><option value=\"\u5c90\u961c\u770c\">\u5c90\u961c\u770c<\/option><option value=\"\u9759\u5ca1\u770c\">\u9759\u5ca1\u770c<\/option><option value=\"\u611b\u77e5\u770c\">\u611b\u77e5\u770c<\/option><option value=\"\u4e09\u91cd\u770c\">\u4e09\u91cd\u770c<\/option><option value=\"\u6ecb\u8cc0\u770c\">\u6ecb\u8cc0\u770c<\/option><option value=\"\u4eac\u90fd\u5e9c\">\u4eac\u90fd\u5e9c<\/option><option value=\"\u5927\u962a\u5e9c\">\u5927\u962a\u5e9c<\/option><option value=\"\u5175\u5eab\u770c\">\u5175\u5eab\u770c<\/option><option value=\"\u5948\u826f\u770c\">\u5948\u826f\u770c<\/option><option value=\"\u548c\u6b4c\u5c71\u770c\">\u548c\u6b4c\u5c71\u770c<\/option><\/select><\/span><br \/>\n<span class=\"wpcf7-form-control-wrap\" data-name=\"inquiry-add2\"><input size=\"40\" maxlength=\"400\" class=\"wpcf7-form-control wpcf7-text\" aria-invalid=\"false\" placeholder=\"\u4f8b\uff1a\u5927\u5206\u770c \u5927\u5206\u5e02\u3001\u4e01\u76ee\u756a\u5730\u3001\u30d3\u30eb\u30fb\u30de\u30f3\u30b7\u30e7\u30f3\u3001\u90e8\u5c4b\u756a\u53f7\uff5c\u5168\u89d2\/\u82f1\u6570\u534a\u89d2\" value=\"\" type=\"text\" name=\"inquiry-add2\" \/><\/span>\n\t\t\t\t<\/p>\n\t\t\t<\/div>\n\t\t<\/td>\n\t<\/tr>\n\t<tr>\n\t\t<th>\n\t\t\t<p>\u304a\u96fb\u8a71\u756a\u53f7\n\t\t\t<\/p>\n\t\t<\/th>\n\t\t<td>\n\t\t\t<p><span class=\"wpcf7-form-control-wrap\" data-name=\"inquiry-tel\"><input size=\"40\" maxlength=\"400\" class=\"wpcf7-form-control wpcf7-text\" aria-invalid=\"false\" placeholder=\"\u4f8b\uff1a097-551-5333\" value=\"\" type=\"text\" name=\"inquiry-tel\" \/><\/span>\n\t\t\t<\/p>\n\t\t<\/td>\n\t<\/tr>\n\t<tr>\n\t\t<th>\n\t\t\t<p>\u30e1\u30fc\u30eb\u30a2\u30c9\u30ec\u30b9\u3000<span style=\"color: #FC6E0D;\">\u203b<\/span>\n\t\t\t<\/p>\n\t\t<\/th>\n\t\t<td>\n\t\t\t<div>\n\t\t\t\t<p><span class=\"wpcf7-form-control-wrap\" data-name=\"your-email\"><input size=\"40\" maxlength=\"400\" class=\"wpcf7-form-control wpcf7-email wpcf7-validates-as-required wpcf7-text wpcf7-validates-as-email\" aria-required=\"true\" aria-invalid=\"false\" placeholder=\"\u4f8b\uff1a\u00d7\u00d7\u00d7@\u00d7\u00d7\u00d7.com\" value=\"\" type=\"email\" name=\"your-email\" \/><\/span><br \/>\n<span class=\"confirm_mail\">\u25bc\u78ba\u8a8d\u7528<\/span><br \/>\n<span class=\"wpcf7-form-control-wrap\" data-name=\"your-email_confirm\"><input size=\"40\" maxlength=\"400\" class=\"wpcf7-form-control wpcf7-email wpcf7-validates-as-required wpcf7-text wpcf7-validates-as-email\" aria-required=\"true\" aria-invalid=\"false\" placeholder=\"\u78ba\u8a8d\u306e\u305f\u3081\u3082\u3046\u4e00\u5ea6\u5165\u529b\u3057\u3066\u304f\u3060\u3055\u3044\" value=\"\" type=\"email\" name=\"your-email_confirm\" \/><\/span>\n\t\t\t\t<\/p>\n\t\t\t<\/div>\n\t\t\t<p style=\"text-indent: -1em; margin-left: 1em; font-size:1.2rem; margin-top:1rem;\"><br \/>\n\u203b\u8ff7\u60d1\u30e1\u30fc\u30eb\u8a2d\u5b9a\u3092\u3055\u308c\u3066\u3044\u308b\u5834\u5408\u306f\u3001\u5f0a\u793e\u304b\u3089\u306e\u30e1\u30fc\u30eb\u3092\u53d7\u4fe1\u3067\u304d\u308b\u3088\u3046\u30c9\u30e1\u30a4\u30f3\u3010@idex.co.jp\u3011\u306e\u53d7\u4fe1\u8a2d\u5b9a\u3092\u304a\u9858\u3044\u81f4\u3057\u307e\u3059\u3002<br \/>\n1\u9031\u9593\u7d4c\u904e\u3057\u3066\u3082\u30e1\u30fc\u30eb\u306e\u8fd4\u4fe1\u304c\u306a\u3044\u5834\u5408\u306f\u3001\u304a\u624b\u6570\u3092\u304a\u304b\u3051\u81f4\u3057\u307e\u3059\u304c\u3010\u672c\u793e\u55b6\u696d\u90e8\u3011<span class=\"tel_link\"><a href=\"tel:097-551-5333\">097-551-5333<\/a><\/span>\u3078\u3054\u9023\u7d61\u304f\u3060\u3055\u3044\u307e\u3059\u3088\u3046\u304a\u9858\u3044\u81f4\u3057\u307e\u3059\u3002\n\t\t\t<\/p>\n\t\t<\/td>\n\t<\/tr>\n\t<tr>\n\t\t<th style=\"white-space: nowrap\">\n\t\t\t<p>\u304a\u554f\u3044\u5408\u308f\u305b\u5185\u5bb9\u3000<span style=\"color: #FC6E0D;\">\u203b<\/span>\n\t\t\t<\/p>\n\t\t<\/th>\n\t\t<td class=\"message-100\">\n\t\t\t<p><span class=\"wpcf7-form-control-wrap\" data-name=\"your-message\"><textarea cols=\"40\" rows=\"10\" maxlength=\"200\" class=\"wpcf7-form-control wpcf7-textarea wpcf7-validates-as-required\" aria-required=\"true\" aria-invalid=\"false\" placeholder=\"\u3054\u8cea\u554f\u30fb\u3054\u610f\u898b\u306e\u5185\u5bb9\u3092\u3054\u8a18\u5165\u4e0b\u3055\u3044\uff08200\u6587\u5b57\u7a0b\u5ea6\uff09\" name=\"your-message\"><\/textarea><\/span><span class=\"wpcf7-character-count up\" data-target-name=\"your-message\" data-starting-value=\"0\" data-current-value=\"0\" data-maximum-value=\"200\">0<\/span>\u6587\u5b57\n\t\t\t<\/p>\n\t\t<\/td>\n\t<\/tr>\n<\/table>\n<div class=\"notice tbl_03\" style=\"margin-bottom:2rem;\">\n\t<ul style=\"list-style:none; text-indent: -1em; margin-left: 1em!important; margin: 0; padding: 0;\">\n\t\t<li>\n\t\t\t<p>\u203b\u3054\u5165\u529b\u3044\u305f\u3060\u3044\u305f\u500b\u4eba\u60c5\u5831\u306f<a href=\"https:\/\/www.idex.co.jp\/privacy\/index.html\">\u30d7\u30e9\u30a4\u30d0\u30b7\u30fc\u30dd\u30ea\u30b7\u30fc<\/a>\u306b\u57fa\u3065\u304d\u3001\u9802\u304d\u307e\u3057\u305f\u554f\u3044\u5408\u308f\u305b\u7b49\u306b\u304a\u7b54\u3048\u3055\u305b\u3066\u3044\u305f\u3060\u304f\u76ee\u7684\u3067\u4f7f\u7528\u3059\u308b\u3082\u306e\u3067\u3059\u3002<br \/>\n\u305d\u306e\u4ed6\u306e\u76ee\u7684\u306b\u4f7f\u7528\u3059\u308b\u3053\u3068\u306f\u3054\u3056\u3044\u307e\u305b\u3093\u3002\n\t\t\t<\/p>\n\t\t<\/li>\n\t\t<li>\n\t\t\t<p>\u203b\u7279\u6b8a\u306a\u6587\u5b57\u30b3\u30fc\u30c9\u306a\u3069\u3092\u4f7f\u7528\u3055\u308c\u305f\u5185\u5bb9\u306b\u95a2\u3057\u307e\u3057\u3066\u306f\u3001\u6587\u5b57\u5316\u3051\u306a\u3069\u306e\u305f\u3081\u304a\u7b54\u3048\u3067\u304d\u306a\u3044\u5834\u5408\u304c\u3054\u3056\u3044\u307e\u3059\u3002\n\t\t\t<\/p>\n\t\t<\/li>\n\t\t<li>\n\t\t\t<p>\u203b\u304a\u554f\u3044\u5408\u308f\u305b\u3092\u9001\u4fe1\u3057\u3066\u9802\u304f\u3068\u3001\u5f0a\u793e\u3088\u308a\u53d7\u4ed8\u78ba\u8a8d\u30e1\u30fc\u30eb\uff08\u81ea\u52d5\u914d\u4fe1\u30e1\u30fc\u30eb\uff09\u304c\u5c4a\u304d\u307e\u3059\u3002<br \/>\n\u53d7\u4ed8\u78ba\u8a8d\u30e1\u30fc\u30eb\u304c\u5c4a\u304b\u306a\u3044\u5834\u5408\u306f\u5f0a\u793e\u306b\u554f\u3044\u5408\u308f\u305b\u304c\u5c4a\u3044\u3066\u306a\u3044\u3053\u3068\u304c\u3054\u3056\u3044\u307e\u3059\u3002\n\t\t\t<\/p>\n\t\t<\/li>\n\t<\/ul>\n<\/div>\n<div class=\"hr\">\n<\/div>\n<div style=\"text-align: center; margin: 2rem 0; font-size:1.4rem;\">\n\t<p><strong><span class=\"wpcf7-form-control-wrap\" data-name=\"privacy-confirm\"><span class=\"wpcf7-form-control wpcf7-radio\"><span class=\"wpcf7-list-item first last\"><label><input type=\"radio\" name=\"privacy-confirm\" value=\"\u30d7\u30e9\u30a4\u30d0\u30b7\u30fc\u30dd\u30ea\u30b7\u30fc\u306b\u540c\u610f\u3059\u308b\" \/><span class=\"wpcf7-list-item-label\">\u30d7\u30e9\u30a4\u30d0\u30b7\u30fc\u30dd\u30ea\u30b7\u30fc\u306b\u540c\u610f\u3059\u308b<\/span><\/label><\/span><\/span><\/span><\/strong><span style=\"color: #FC6E0D;\">\u203b<\/span><br \/>\n\u4e0a\u8a18\u306b\u3054\u540c\u610f\u3044\u305f\u3060\u3044\u305f\u5834\u5408\u306e\u307f\u3001<br class=\"sp-br\" \/>\u4e0a\u8a18\u306e\u5185\u5bb9\u3067\u3088\u308d\u3057\u3051\u308c\u3070<br class=\"sp-br\" \/>\u300c\u5185\u5bb9\u3092\u78ba\u8a8d\u300d\u30dc\u30bf\u30f3\u3092\u62bc\u3057\u3066\u304f\u3060\u3055\u3044<br \/>\n\uff08\u3053\u306e\u6642\u70b9\u3067\u306f\u307e\u3060\u9001\u4fe1\u3055\u308c\u307e\u305b\u3093\uff09\n\t<\/p>\n<\/div>\n<div style=\"text-align: center; margin: 0 auto 6rem!important;\">\n\t<p><input class=\"wpcf7-form-control wpcf7-submit has-spinner\" id=\"submit_button2\" type=\"submit\" value=\"\u5185\u5bb9\u3092\u78ba\u8a8d\" \/>\n\t<\/p>\n<\/div>\n\n<!-- CF7MSM -->\n<div style='display:none;'><input type=\"hidden\" name=\"_cf7msm_multistep_tag\" class=\"wpcf7-form-control wpcf7-multistep cf7msm-multistep\" value=\"{&quot;first_step&quot;:1,&quot;next_url&quot;:&quot;\/inquiry\/iro-confirm&quot;}\" \/><input type=\"hidden\" name=\"cf7msm-no-ss\" value=\"\" \/>\n<\/div>\n<!-- End CF7MSM -->\n<div class=\"wpcf7-response-output\" aria-hidden=\"true\"><\/div>\n<\/form>\n<\/div>\n\n<\/div><\/div>\n<\/div><\/div>\n<\/div><\/div>\n","protected":false},"excerpt":{"rendered":"<p>\u304a\u554f\u5408\u305b \u5f0a\u793e\u3078\u306e\u304a\u554f\u3044\u5408\u308f\u305b\u306f\u3001\u304a\u96fb\u8a71\u307e\u305f\u306f\u4ee5\u4e0b\u306e\u304a\u554f\u3044\u5408 &#8230;<\/p>\n","protected":false},"author":1,"featured_media":0,"parent":0,"menu_order":0,"comment_status":"closed","ping_status":"closed","template":"","meta":{"footnotes":""},"class_list":["post-653","page","type-page","status-publish","hentry"],"_links":{"self":[{"href":"https:\/\/www.idex.co.jp\/inquiry\/wp-json\/wp\/v2\/pages\/653","targetHints":{"allow":["GET"]}}],"collection":[{"href":"https:\/\/www.idex.co.jp\/inquiry\/wp-json\/wp\/v2\/pages"}],"about":[{"href":"https:\/\/www.idex.co.jp\/inquiry\/wp-json\/wp\/v2\/types\/page"}],"author":[{"embeddable":true,"href":"https:\/\/www.idex.co.jp\/inquiry\/wp-json\/wp\/v2\/users\/1"}],"replies":[{"embeddable":true,"href":"https:\/\/www.idex.co.jp\/inquiry\/wp-json\/wp\/v2\/comments?post=653"}],"version-history":[{"count":10,"href":"https:\/\/www.idex.co.jp\/inquiry\/wp-json\/wp\/v2\/pages\/653\/revisions"}],"predecessor-version":[{"id":3098,"href":"https:\/\/www.idex.co.jp\/inquiry\/wp-json\/wp\/v2\/pages\/653\/revisions\/3098"}],"wp:attachment":[{"href":"https:\/\/www.idex.co.jp\/inquiry\/wp-json\/wp\/v2\/media?parent=653"}],"curies":[{"name":"wp","href":"https:\/\/api.w.org\/{rel}","templated":true}]}}